{"id":1149,"date":"2021-09-14T01:54:39","date_gmt":"2021-09-14T01:54:39","guid":{"rendered":"https:\/\/www.casadelosabanicos.com\/site\/lacasa-copy\/"},"modified":"2021-10-04T16:30:22","modified_gmt":"2021-10-04T16:30:22","slug":"eventos","status":"publish","type":"page","link":"https:\/\/www.casadelosabanicos.com\/site\/eventos\/","title":{"rendered":"Eventos"},"content":{"rendered":"<div class=\"wpspd-container wpspd-wide-container wpspd-shortcode-jo984se6jhkpxnzw \"><div class=\"wpspd-aligner\">\n<div class=\"row wpspd-columns wpspd-shortcode-kttbu8f3v1kptqnt \">\n<div class=\"col-md-2 wpspd-shortcode-kttbu8fabsxfjx6r\"><div class=\"wpspd-column-inner\">\n<\/div><\/div>\n<div class=\"col-md-8 wpspd-shortcode-kttbu8fa97em1s26\"><div class=\"wpspd-column-inner\">\n<div class=\"wpspd-column-item clearfix wpspd-shortcode-kttbu8fay535ma7r\">\n<p style=\"text-align: justify\">La Casa de Lo Abanicos cuenta con un gran Jard\u00edn Panor\u00e1mico de 540 metros cuadrados para la realizaci\u00f3n de eventos sociales y empresariales, que, por su arm\u00f3nica disposici\u00f3n en nuestra finca de valor patrimonial y cultural, as\u00ed como el bello entorno de la Colonia Americana, genera la mejor atm\u00f3sfera para que tu evento sea inolvidable.<\/p>\n<\/div>\n<\/div><\/div>\n<div class=\"col-md-2 wpspd-shortcode-kttbu8fajynxlwx2\"><div class=\"wpspd-column-inner\">\n<\/div><\/div>\n<\/div>\n<\/div><\/div>\n","protected":false},"excerpt":{"rendered":"","protected":false},"author":2,"featured_media":0,"parent":0,"menu_order":1,"comment_status":"closed","ping_status":"closed","template":"templates\/portfolio-template.php","meta":{"_joinchat":[],"footnotes":""},"_links":{"self":[{"href":"https:\/\/www.casadelosabanicos.com\/site\/wp-json\/wp\/v2\/pages\/1149"}],"collection":[{"href":"https:\/\/www.casadelosabanicos.com\/site\/wp-json\/wp\/v2\/pages"}],"about":[{"href":"https:\/\/www.casadelosabanicos.com\/site\/wp-json\/wp\/v2\/types\/page"}],"author":[{"embeddable":true,"href":"https:\/\/www.casadelosabanicos.com\/site\/wp-json\/wp\/v2\/users\/2"}],"replies":[{"embeddable":true,"href":"https:\/\/www.casadelosabanicos.com\/site\/wp-json\/wp\/v2\/comments?post=1149"}],"version-history":[{"count":6,"href":"https:\/\/www.casadelosabanicos.com\/site\/wp-json\/wp\/v2\/pages\/1149\/revisions"}],"predecessor-version":[{"id":1295,"href":"https:\/\/www.casadelosabanicos.com\/site\/wp-json\/wp\/v2\/pages\/1149\/revisions\/1295"}],"wp:attachment":[{"href":"https:\/\/www.casadelosabanicos.com\/site\/wp-json\/wp\/v2\/media?parent=1149"}],"curies":[{"name":"wp","href":"https:\/\/api.w.org\/{rel}","templated":true}]}}